{"id":11,"date":"2026-01-04T20:28:36","date_gmt":"2026-01-04T13:28:36","guid":{"rendered":"https:\/\/16fsw.uk.com\/?page_id=11"},"modified":"2026-01-05T21:18:46","modified_gmt":"2026-01-05T14:18:46","slug":"56win","status":"publish","type":"page","link":"https:\/\/16fsw.uk.com\/","title":{"rendered":"56WIN"},"content":{"rendered":"<div class=\"slider-wrapper relative\" id=\"slider-249210325\" >\n    <div class=\"slider slider-nav-circle slider-nav-large slider-nav-light slider-style-normal\"\n        data-flickity-options='{\n            \"cellAlign\": \"center\",\n            \"imagesLoaded\": true,\n            \"lazyLoad\": 1,\n            \"freeScroll\": false,\n            \"wrapAround\": true,\n            \"autoPlay\": 6000,\n            \"pauseAutoPlayOnHover\" : true,\n            \"prevNextButtons\": true,\n            \"contain\" : true,\n            \"adaptiveHeight\" : true,\n            \"dragThreshold\" : 10,\n            \"percentPosition\": true,\n            \"pageDots\": true,\n            \"rightToLeft\": false,\n            \"draggable\": true,\n            \"selectedAttraction\": 0.1,\n            \"parallax\" : 0,\n            \"friction\": 0.6        }'\n        >\n        \n\t<div class=\"img has-hover x md-x lg-x y md-y lg-y\" id=\"image_1646391066\">\n\t\t\t\t\t\t\t\t<div class=\"img-inner dark\" >\n\t\t\t<img decoding=\"async\" width=\"1920\" height=\"600\" src=\"https:\/\/16fsw.uk.com\/wp-content\/uploads\/2026\/01\/56win-nha-cai-uy-tin-hang-dau.png\" class=\"attachment-original size-original\" alt=\"56win nh\u00e0 c\u00e1i uy t\u00edn h\u00e0ng \u0111\u1ea7u 2026\" srcset=\"https:\/\/16fsw.uk.com\/wp-content\/uploads\/2026\/01\/56win-nha-cai-uy-tin-hang-dau.png 1920w, https:\/\/16fsw.uk.com\/wp-content\/uploads\/2026\/01\/56win-nha-cai-uy-tin-hang-dau-300x94.png 300w, https:\/\/16fsw.uk.com\/wp-content\/uploads\/2026\/01\/56win-nha-cai-uy-tin-hang-dau-1024x320.png 1024w, https:\/\/16fsw.uk.com\/wp-content\/uploads\/2026\/01\/56win-nha-cai-uy-tin-hang-dau-768x240.png 768w, https:\/\/16fsw.uk.com\/wp-content\/uploads\/2026\/01\/56win-nha-cai-uy-tin-hang-dau-1536x480.png 1536w\" sizes=\"(max-width: 1920px) 100vw, 1920px\" \/>\t\t\t\t\t\t\n\t\t\t\t\t<\/div>\n\t\t\t\t\t\t\t\t\n<style>\n#image_1646391066 {\n  width: 100%;\n}\n<\/style>\n\t<\/div>\n\t\n     <\/div>\n\n     <div class=\"loading-spin dark large centered\"><\/div>\n\n\t<\/div>\n\n\n<div class=\"row\"  id=\"row-1342848643\">\n\n\t<div id=\"col-945120073\" class=\"col small-12 large-12\"  >\n\t\t\t\t<div class=\"col-inner\"  >\n\t\t\t\n\t\t\t\n<h1 style=\"text-align: center;\"><strong>56WIN &#8211; Trang Ch\u1ee7 56WIN.COM &#8211; Link \u0110\u0103ng K\u00fd, \u0110\u0103ng Nh\u1eadp, T\u1ea3i App 56 Win Update #2026<\/strong><\/h1>\n<p><a href=\"https:\/\/16fsw.uk.com\/\">56WIN<\/a> l\u00e0 <strong data-start=\"9\" data-end=\"38\">nh\u00e0 c\u00e1i tr\u1ef1c tuy\u1ebfn uy t\u00edn<\/strong> \u0111\u01b0\u1ee3c \u0111\u00f4ng \u0111\u1ea3o ng\u01b0\u1eddi ch\u01a1i t\u00ecm ki\u1ebfm trong n\u0103m 2026 nh\u1edd n\u1ec1n t\u1ea3ng \u1ed5n \u0111\u1ecbnh, b\u1ea3o m\u1eadt cao v\u00e0 kho game \u0111a d\u1ea1ng. T\u1ea1i \u0111\u00e2y, ch\u00fang t\u00f4i <strong data-start=\"162\" data-end=\"219\">c\u1eadp nh\u1eadt link trang ch\u1ee7 56WIN.COM ch\u00ednh th\u1ee9c m\u1edbi nh\u1ea5t<\/strong>, h\u1ed7 tr\u1ee3 <strong data-start=\"228\" data-end=\"257\">\u0111\u0103ng k\u00fd \u2013 \u0111\u0103ng nh\u1eadp nhanh<\/strong>, c\u00f9ng <strong data-start=\"264\" data-end=\"305\">link t\u1ea3i app 56 Win cho Android &amp; iOS<\/strong> kh\u00f4ng b\u1ecb ch\u1eb7n. Tham gia 56WIN, ng\u01b0\u1eddi ch\u01a1i \u0111\u01b0\u1ee3c tr\u1ea3i nghi\u1ec7m c\u00e1 c\u01b0\u1ee3c an to\u00e0n, giao d\u1ecbch n\u1ea1p r\u00fat nhanh ch\u00f3ng v\u00e0 nhi\u1ec1u <strong data-start=\"421\" data-end=\"479\">\u01b0u \u0111\u00e3i h\u1ea5p d\u1eabn d\u00e0nh cho t\u00e2n th\u1ee7 l\u1eabn th\u00e0nh vi\u00ean l\u00e2u n\u0103m<\/strong>.<\/p>\n<blockquote><p>Link trang ch\u1ee7 56win c\u1eadp nh\u1ea5t m\u1edbi nh\u1ea5t th\u00e1ng 1: <a href=\"https:\/\/16fsw.uk.com\/\">https:\/\/16fsw.uk.com\/<\/a><\/p><\/blockquote>\n\t\t<\/div>\n\t\t\t\t\t<\/div>\n\n\t\n<\/div>\n<div class=\"container section-title-container\" ><h2 class=\"section-title section-title-center\"><b><\/b><span class=\"section-title-main\" >FAQ - H\u1ecfi \u0111\u00e1p v\u1ec1 56win<\/span><b><\/b><\/h2><\/div>\n<div class=\"accordion\">\n\t<div id=\"accordion-1281501794\" class=\"accordion-item\">\n\t\t<a id=\"accordion-1281501794-label\" class=\"accordion-title plain\" href=\"#accordion-item-56win_c\u00f3_ph\u1ea3i_l\u00e0_nh\u00e0_c\u00e1i_uy_t\u00edn,_h\u1ee3p_ph\u00e1p_kh\u00f4ng?\" aria-expanded=\"false\" aria-controls=\"accordion-1281501794-content\" >\n\t\t\t<button class=\"toggle\" aria-label=\"Toggle\"><i class=\"icon-angle-down\"><\/i><\/button>\n\t\t\t<span>56WIN c\u00f3 ph\u1ea3i l\u00e0 nh\u00e0 c\u00e1i uy t\u00edn, h\u1ee3p ph\u00e1p kh\u00f4ng?<\/span>\n\t\t<\/a>\n\t\t<div id=\"accordion-1281501794-content\" class=\"accordion-inner\" aria-labelledby=\"accordion-1281501794-label\" >\n\t\t\t\n<p data-start=\"217\" data-end=\"363\">C\u00f3. 56WIN ho\u1ea1t \u0111\u1ed9ng d\u01b0\u1edbi gi\u1ea5y ph\u00e9p h\u1ee3p ph\u00e1p t\u1eeb PAGCOR Philippines, \u00e1p d\u1ee5ng h\u1ec7 th\u1ed1ng b\u1ea3o m\u1eadt hi\u1ec7n \u0111\u1ea1i, \u0111\u1ea3m b\u1ea3o minh b\u1ea1ch v\u00e0 an to\u00e0n cho ng\u01b0\u1eddi ch\u01a1i.<\/p>\n\t\t<\/div>\n\t<\/div>\n\t\n\t<div id=\"accordion-2575170017\" class=\"accordion-item\">\n\t\t<a id=\"accordion-2575170017-label\" class=\"accordion-title plain\" href=\"#accordion-item-link_trang_ch\u1ee7_56win.com_ch\u00ednh_th\u1ee9c_m\u1edbi_nh\u1ea5t_l\u00e0_g\u00ec,_c\u00f3_b\u1ecb_ch\u1eb7n_kh\u00f4ng?\" aria-expanded=\"false\" aria-controls=\"accordion-2575170017-content\" >\n\t\t\t<button class=\"toggle\" aria-label=\"Toggle\"><i class=\"icon-angle-down\"><\/i><\/button>\n\t\t\t<span>Link trang ch\u1ee7 56WIN.COM ch\u00ednh th\u1ee9c m\u1edbi nh\u1ea5t l\u00e0 g\u00ec, c\u00f3 b\u1ecb ch\u1eb7n kh\u00f4ng?<\/span>\n\t\t<\/a>\n\t\t<div id=\"accordion-2575170017-content\" class=\"accordion-inner\" aria-labelledby=\"accordion-2575170017-label\" >\n\t\t\t\n<p data-start=\"443\" data-end=\"614\">Link trang ch\u1ee7 56WIN.COM th\u01b0\u1eddng xuy\u00ean \u0111\u01b0\u1ee3c c\u1eadp nh\u1eadt \u0111\u1ec3 tr\u00e1nh ch\u1eb7n t\u1eeb nh\u00e0 m\u1ea1ng. Ng\u01b0\u1eddi ch\u01a1i n\u00ean truy c\u1eadp link ch\u00ednh th\u1ee9c \u0111\u01b0\u1ee3c c\u00f4ng b\u1ed1 tr\u00ean website uy t\u00edn \u0111\u1ec3 \u0111\u1ea3m b\u1ea3o an to\u00e0n.<\/p>\n\t\t<\/div>\n\t<\/div>\n\t\n\t<div id=\"accordion-2159282907\" class=\"accordion-item\">\n\t\t<a id=\"accordion-2159282907-label\" class=\"accordion-title plain\" href=\"#accordion-item-c\u00e1ch_\u0111\u0103ng_k\u00fd_t\u00e0i_kho\u1ea3n_56win_cho_ng\u01b0\u1eddi_m\u1edbi_nh\u01b0_th\u1ebf_n\u00e0o?\" aria-expanded=\"false\" aria-controls=\"accordion-2159282907-content\" >\n\t\t\t<button class=\"toggle\" aria-label=\"Toggle\"><i class=\"icon-angle-down\"><\/i><\/button>\n\t\t\t<span>C\u00e1ch \u0111\u0103ng k\u00fd t\u00e0i kho\u1ea3n 56WIN cho ng\u01b0\u1eddi m\u1edbi nh\u01b0 th\u1ebf n\u00e0o?<\/span>\n\t\t<\/a>\n\t\t<div id=\"accordion-2159282907-content\" class=\"accordion-inner\" aria-labelledby=\"accordion-2159282907-label\" >\n\t\t\t\n<p data-start=\"680\" data-end=\"810\">\u0110\u0103ng k\u00fd 56WIN r\u1ea5t \u0111\u01a1n gi\u1ea3n, ch\u1ec9 c\u1ea7n nh\u1eadp s\u1ed1 \u0111i\u1ec7n tho\u1ea1i, m\u1eadt kh\u1ea9u v\u00e0 x\u00e1c nh\u1eadn th\u00f4ng tin. To\u00e0n b\u1ed9 qu\u00e1 tr\u00ecnh ch\u1ec9 m\u1ea5t ch\u01b0a \u0111\u1ebfn 1 ph\u00fat<\/p>\n\t\t<\/div>\n\t<\/div>\n\t\n\t<div id=\"accordion-3349683787\" class=\"accordion-item\">\n\t\t<a id=\"accordion-3349683787-label\" class=\"accordion-title plain\" href=\"#accordion-item-n\u1ea1p_r\u00fat_ti\u1ec1n_t\u1ea1i_56win_c\u00f3_nhanh_v\u00e0_an_to\u00e0n_kh\u00f4ng?\" aria-expanded=\"false\" aria-controls=\"accordion-3349683787-content\" >\n\t\t\t<button class=\"toggle\" aria-label=\"Toggle\"><i class=\"icon-angle-down\"><\/i><\/button>\n\t\t\t<span>N\u1ea1p r\u00fat ti\u1ec1n t\u1ea1i 56WIN c\u00f3 nhanh v\u00e0 an to\u00e0n kh\u00f4ng?<\/span>\n\t\t<\/a>\n\t\t<div id=\"accordion-3349683787-content\" class=\"accordion-inner\" aria-labelledby=\"accordion-3349683787-label\" >\n\t\t\t\n<p data-start=\"870\" data-end=\"994\">56WIN h\u1ed7 tr\u1ee3 n\u1ea1p r\u00fat t\u1ef1 \u0111\u1ed9ng 24\/7 qua ng\u00e2n h\u00e0ng v\u00e0 v\u00ed \u0111i\u1ec7n t\u1eed. Th\u1eddi gian x\u1eed l\u00fd ch\u1ec9 t\u1eeb v\u00e0i ph\u00fat, giao d\u1ecbch b\u1ea3o m\u1eadt tuy\u1ec7t \u0111\u1ed1i.<\/p>\n\t\t<\/div>\n\t<\/div>\n\t\n\t<div id=\"accordion-1291617872\" class=\"accordion-item\">\n\t\t<a id=\"accordion-1291617872-label\" class=\"accordion-title plain\" href=\"#accordion-item-56win_c\u00f3_app_kh\u00f4ng?_c\u00e1ch_t\u1ea3i_app_56win_cho_android_v\u00e0_ios?\" aria-expanded=\"false\" aria-controls=\"accordion-1291617872-content\" >\n\t\t\t<button class=\"toggle\" aria-label=\"Toggle\"><i class=\"icon-angle-down\"><\/i><\/button>\n\t\t\t<span>56WIN c\u00f3 app kh\u00f4ng? C\u00e1ch t\u1ea3i app 56WIN cho Android v\u00e0 iOS?<\/span>\n\t\t<\/a>\n\t\t<div id=\"accordion-1291617872-content\" class=\"accordion-inner\" aria-labelledby=\"accordion-1291617872-label\" >\n\t\t\t\n<p data-start=\"1063\" data-end=\"1196\">C\u00f3. 56WIN cung c\u1ea5p app ri\u00eang cho Android v\u00e0 iOS, t\u1ea3i tr\u1ef1c ti\u1ebfp t\u1eeb trang ch\u1ee7 ch\u00ednh th\u1ee9c, c\u00e0i \u0111\u1eb7t nhanh v\u00e0 ch\u01a1i m\u01b0\u1ee3t tr\u00ean m\u1ecdi thi\u1ebft b\u1ecb.<\/p>\n\t\t<\/div>\n\t<\/div>\n\t\n<\/div>\n","protected":false},"excerpt":{"rendered":"","protected":false},"author":1,"featured_media":34,"parent":0,"menu_order":0,"comment_status":"closed","ping_status":"closed","template":"","meta":{"footnotes":""},"class_list":["post-11","page","type-page","status-publish","has-post-thumbnail","hentry"],"_links":{"self":[{"href":"https:\/\/16fsw.uk.com\/index.php\/wp-json\/wp\/v2\/pages\/11","targetHints":{"allow":["GET"]}}],"collection":[{"href":"https:\/\/16fsw.uk.com\/index.php\/wp-json\/wp\/v2\/pages"}],"about":[{"href":"https:\/\/16fsw.uk.com\/index.php\/wp-json\/wp\/v2\/types\/page"}],"author":[{"embeddable":true,"href":"https:\/\/16fsw.uk.com\/index.php\/wp-json\/wp\/v2\/users\/1"}],"replies":[{"embeddable":true,"href":"https:\/\/16fsw.uk.com\/index.php\/wp-json\/wp\/v2\/comments?post=11"}],"version-history":[{"count":0,"href":"https:\/\/16fsw.uk.com\/index.php\/wp-json\/wp\/v2\/pages\/11\/revisions"}],"wp:featuredmedia":[{"embeddable":true,"href":"https:\/\/16fsw.uk.com\/index.php\/wp-json\/wp\/v2\/media\/34"}],"wp:attachment":[{"href":"https:\/\/16fsw.uk.com\/index.php\/wp-json\/wp\/v2\/media?parent=11"}],"curies":[{"name":"wp","href":"https:\/\/api.w.org\/{rel}","templated":true}]}}